{"id":25125,"date":"2023-11-29T17:36:11","date_gmt":"2023-11-29T17:36:11","guid":{"rendered":"https:\/\/vistamar.cl\/cl\/?page_id=25125"},"modified":"2024-05-22T21:35:50","modified_gmt":"2024-05-22T21:35:50","slug":"enologa","status":"publish","type":"page","link":"https:\/\/vistamar.cl\/cl\/enologa\/","title":{"rendered":"EN\u00d3LOGA"},"content":{"rendered":"\t\t<div data-elementor-type=\"wp-page\" data-elementor-id=\"25125\" class=\"elementor elementor-25125\">\n\t\t\t\t\t\t<section class=\"elementor-section elementor-top-section elementor-element elementor-element-9995f58 elementor-section-full_width elementor-section-height-default elementor-section-height-default wpr-particle-no wpr-jarallax-no wpr-parallax-no wpr-sticky-section-no\" data-id=\"9995f58\" data-element_type=\"section\" data-settings=\"{&quot;background_background&quot;:&quot;classic&quot;}\">\n\t\t\t\t\t\t\t<div class=\"elementor-background-overlay\"><\/div>\n\t\t\t\t\t\t\t<div class=\"elementor-container elementor-column-gap-default\">\n\t\t\t\t\t<div class=\"elementor-column elementor-col-100 elementor-top-column elementor-element elementor-element-a729cbc\" data-id=\"a729cbc\" data-element_type=\"column\">\n\t\t\t<div class=\"elementor-widget-wrap elementor-element-populated\">\n\t\t\t\t\t\t<section class=\"elementor-section elementor-inner-section elementor-element elementor-element-6fe2a4a elementor-section-boxed elementor-section-height-default elementor-section-height-default wpr-particle-no wpr-jarallax-no wpr-parallax-no wpr-sticky-section-no\" data-id=\"6fe2a4a\" data-element_type=\"section\">\n\t\t\t\t\t\t<div class=\"elementor-container elementor-column-gap-default\">\n\t\t\t\t\t<div class=\"elementor-column elementor-col-100 elementor-inner-column elementor-element elementor-element-c8b8f40\" data-id=\"c8b8f40\" data-element_type=\"column\">\n\t\t\t<div class=\"elementor-widget-wrap elementor-element-populated\">\n\t\t\t\t\t\t<div class=\"elementor-element elementor-element-fcc6194 elementor-widget elementor-widget-spacer\" data-id=\"fcc6194\" data-element_type=\"widget\" data-widget_type=\"spacer.default\">\n\t\t\t\t<div class=\"elementor-widget-container\">\n\t\t\t<style>\/*! elementor - v3.23.0 - 25-07-2024 *\/\n.elementor-column .elementor-spacer-inner{height:var(--spacer-size)}.e-con{--container-widget-width:100%}.e-con-inner>.elementor-widget-spacer,.e-con>.elementor-widget-spacer{width:var(--container-widget-width,var(--spacer-size));--align-self:var(--container-widget-align-self,initial);--flex-shrink:0}.e-con-inner>.elementor-widget-spacer>.elementor-widget-container,.e-con>.elementor-widget-spacer>.elementor-widget-container{height:100%;width:100%}.e-con-inner>.elementor-widget-spacer>.elementor-widget-container>.elementor-spacer,.e-con>.elementor-widget-spacer>.elementor-widget-container>.elementor-spacer{height:100%}.e-con-inner>.elementor-widget-spacer>.elementor-widget-container>.elementor-spacer>.elementor-spacer-inner,.e-con>.elementor-widget-spacer>.elementor-widget-container>.elementor-spacer>.elementor-spacer-inner{height:var(--container-widget-height,var(--spacer-size))}.e-con-inner>.elementor-widget-spacer.elementor-widget-empty,.e-con>.elementor-widget-spacer.elementor-widget-empty{position:relative;min-height:22px;min-width:22px}.e-con-inner>.elementor-widget-spacer.elementor-widget-empty .elementor-widget-empty-icon,.e-con>.elementor-widget-spacer.elementor-widget-empty .elementor-widget-empty-icon{position:absolute;top:0;bottom:0;left:0;right:0;margin:auto;padding:0;width:22px;height:22px}<\/style>\t\t<div class=\"elementor-spacer\">\n\t\t\t<div class=\"elementor-spacer-inner\"><\/div>\n\t\t<\/div>\n\t\t\t\t<\/div>\n\t\t\t\t<\/div>\n\t\t\t\t<div class=\"elementor-element elementor-element-cc87254 elementor-widget elementor-widget-heading\" data-id=\"cc87254\" data-element_type=\"widget\" data-widget_type=\"heading.default\">\n\t\t\t\t<div class=\"elementor-widget-container\">\n\t\t\t<style>\/*! elementor - v3.23.0 - 25-07-2024 *\/\n.elementor-heading-title{padding:0;margin:0;line-height:1}.elementor-widget-heading .elementor-heading-title[class*=elementor-size-]>a{color:inherit;font-size:inherit;line-height:inherit}.elementor-widget-heading .elementor-heading-title.elementor-size-small{font-size:15px}.elementor-widget-heading .elementor-heading-title.elementor-size-medium{font-size:19px}.elementor-widget-heading .elementor-heading-title.elementor-size-large{font-size:29px}.elementor-widget-heading .elementor-heading-title.elementor-size-xl{font-size:39px}.elementor-widget-heading .elementor-heading-title.elementor-size-xxl{font-size:59px}<\/style><h2 class=\"elementor-heading-title elementor-size-default\">En\u00f3loga<\/h2>\t\t<\/div>\n\t\t\t\t<\/div>\n\t\t\t\t<div class=\"elementor-element elementor-element-a3de8d2 elementor-widget elementor-widget-spacer\" data-id=\"a3de8d2\" data-element_type=\"widget\" data-widget_type=\"spacer.default\">\n\t\t\t\t<div class=\"elementor-widget-container\">\n\t\t\t\t\t<div class=\"elementor-spacer\">\n\t\t\t<div class=\"elementor-spacer-inner\"><\/div>\n\t\t<\/div>\n\t\t\t\t<\/div>\n\t\t\t\t<\/div>\n\t\t\t\t<div class=\"elementor-element elementor-element-bf453da text-about elementor-view-default elementor-widget elementor-widget-icon\" data-id=\"bf453da\" data-element_type=\"widget\" data-widget_type=\"icon.default\">\n\t\t\t\t<div class=\"elementor-widget-container\">\n\t\t\t\t\t<div class=\"elementor-icon-wrapper\">\n\t\t\t<a class=\"elementor-icon\" href=\"#Enologa\">\n\t\t\t<i aria-hidden=\"true\" class=\"fas fa-angle-down\"><\/i>\t\t\t<\/a>\n\t\t<\/div>\n\t\t\t\t<\/div>\n\t\t\t\t<\/div>\n\t\t\t\t\t<\/div>\n\t\t<\/div>\n\t\t\t\t\t<\/div>\n\t\t<\/section>\n\t\t\t\t\t<\/div>\n\t\t<\/div>\n\t\t\t\t\t<\/div>\n\t\t<\/section>\n\t\t\t\t<section class=\"elementor-section elementor-top-section elementor-element elementor-element-59f8e1a elementor-section-full_width elementor-reverse-mobile elementor-section-height-default elementor-section-height-default wpr-particle-no wpr-jarallax-no wpr-parallax-no wpr-sticky-section-no\" data-id=\"59f8e1a\" data-element_type=\"section\" data-settings=\"{&quot;background_background&quot;:&quot;classic&quot;}\">\n\t\t\t\t\t\t<div class=\"elementor-container elementor-column-gap-extended\">\n\t\t\t\t\t<div class=\"elementor-column elementor-col-50 elementor-top-column elementor-element elementor-element-85b5f22 wpb-col-sm-100\" data-id=\"85b5f22\" data-element_type=\"column\" id=\"Enologa\">\n\t\t\t<div class=\"elementor-widget-wrap elementor-element-populated\">\n\t\t\t\t\t\t<div class=\"elementor-element elementor-element-df2a2a0 wpr-adv-slider-columns-1 wpr-adv-slider-columns--laptop1 wpr-adv-slider-columns--tablet1 wpr-adv-slider-columns--mobile1 wpr-adv-slides-to-scroll-1 wpr-slider-dots-horizontal elementor-widget elementor-widget-wpr-advanced-slider\" data-id=\"df2a2a0\" data-element_type=\"widget\" data-settings=\"{&quot;slider_amount&quot;:&quot;1&quot;,&quot;slider_amount_laptop&quot;:1,&quot;slider_amount_tablet&quot;:1,&quot;slider_amount_mobile&quot;:1,&quot;slides_to_scroll&quot;:1,&quot;slider_loop&quot;:&quot;yes&quot;,&quot;slider_video_btn_size&quot;:&quot;medium&quot;}\" data-widget_type=\"wpr-advanced-slider.default\">\n\t\t\t\t<div class=\"elementor-widget-container\">\n\t\t\t\n\t\t<!-- Advanced Slider -->\n\t\t<div class=\"wpr-advanced-slider-wrap\">\n\t\t\t\n\t\t\t<div class=\"wpr-advanced-slider\" dir=\"ltr\" data-slick=\"{&quot;rtl&quot;:false,&quot;infinite&quot;:true,&quot;speed&quot;:700,&quot;arrows&quot;:true,&quot;dots&quot;:true,&quot;autoplay&quot;:false,&quot;autoplaySpeed&quot;:0,&quot;pauseOnHover&quot;:&quot;&quot;,&quot;prevArrow&quot;:&quot;#wpr-slider-prev-df2a2a0&quot;,&quot;nextArrow&quot;:&quot;#wpr-slider-next-df2a2a0&quot;,&quot;vertical&quot;:false,&quot;adaptiveHeight&quot;:true}\" data-video-btn-size=\"{&quot;widescreen&quot;:&quot;medium&quot;,&quot;desktop&quot;:&quot;medium&quot;,&quot;laptop&quot;:&quot;medium&quot;,&quot;tablet_extra&quot;:&quot;medium&quot;,&quot;tablet&quot;:&quot;medium&quot;,&quot;mobile_extra&quot;:&quot;medium&quot;,&quot;mobile&quot;:&quot;medium&quot;}\" data-slide-effect=\"slide\">\n\t\t\t\t<div class=\"wpr-slider-item elementor-repeater-item-c182f38\"><div class=\"wpr-slider-item-bg \" style=\"background-image: url(https:\/\/vistamar.cl\/cl\/wp-content\/uploads\/2023\/11\/Enologo_Daniela_Salinas_13-2023-scaled.jpg)\"><\/div><div class=\"wpr-slider-item-overlay\"><\/div><div class=\"wpr-cv-container\"><div class=\"wpr-cv-outer\"><div class=\"wpr-cv-inner\"><div class=\"wpr-slider-content\"><div class=\"wpr-slider-btns\"><\/div><\/div><\/div><\/div><\/div><\/div><div class=\"wpr-slider-item elementor-repeater-item-9441cfe\"><div class=\"wpr-slider-item-bg \" style=\"background-image: url(https:\/\/vistamar.cl\/cl\/wp-content\/uploads\/2024\/04\/Enologo_Daniela_Salinas_12-2023.jpg)\"><\/div><div class=\"wpr-slider-item-overlay\"><\/div><div class=\"wpr-cv-container\"><div class=\"wpr-cv-outer\"><div class=\"wpr-cv-inner\"><div class=\"wpr-slider-content\"><div class=\"wpr-slider-btns\"><\/div><\/div><\/div><\/div><\/div><\/div><div class=\"wpr-slider-item elementor-repeater-item-3a38453\"><div class=\"wpr-slider-item-bg \" style=\"background-image: url(https:\/\/vistamar.cl\/cl\/wp-content\/uploads\/2023\/11\/Enologo_Daniela_Salinas_09-2023-scaled.jpg)\"><\/div><div class=\"wpr-slider-item-overlay\"><\/div><div class=\"wpr-cv-container\"><div class=\"wpr-cv-outer\"><div class=\"wpr-cv-inner\"><div class=\"wpr-slider-content\"><div class=\"wpr-slider-btns\"><\/div><\/div><\/div><\/div><\/div><\/div>\t\t\t<\/div>\n\t\t\t<div class=\"wpr-slider-controls\">\n\t\t\t\t<div class=\"wpr-slider-dots\"><\/div>\n\t\t\t<\/div>\n\n\t\t\t<div class=\"wpr-slider-arrow-container\">\n\t\t\t\t<div class=\"wpr-slider-prev-arrow wpr-slider-arrow\" id=\"wpr-slider-prev-df2a2a0\">\n\t\t\t\t\t<svg version=\"1.1\" xmlns=\"http:\/\/www.w3.org\/2000\/svg\" xmlns:xlink=\"http:\/\/www.w3.org\/1999\/xlink\" x=\"0px\" y=\"0px\" viewBox=\"0 0 283.4 512\" style=\"enable-background:new 0 0 283.4 512;\" xml:space=\"preserve\"><g><polygon class=\"st0\" points=\"54.5,256.3 283.4,485.1 256.1,512.5 0,256.3 0,256.3 27.2,229 256.1,0 283.4,27.4 \"\/><\/g><\/svg>\t\t\t\t<\/div>\n\t\t\t\t<div class=\"wpr-slider-next-arrow wpr-slider-arrow\" id=\"wpr-slider-next-df2a2a0\">\n\t\t\t\t\t<svg version=\"1.1\" xmlns=\"http:\/\/www.w3.org\/2000\/svg\" xmlns:xlink=\"http:\/\/www.w3.org\/1999\/xlink\" x=\"0px\" y=\"0px\" viewBox=\"0 0 283.4 512\" style=\"enable-background:new 0 0 283.4 512;\" xml:space=\"preserve\"><g><polygon class=\"st0\" points=\"54.5,256.3 283.4,485.1 256.1,512.5 0,256.3 0,256.3 27.2,229 256.1,0 283.4,27.4 \"\/><\/g><\/svg>\t\t\t\t<\/div>\n\t\t\t<\/div>\n\t\t\t\n\t\t\t\n\t\t<\/div>\n\t\t\t\t<\/div>\n\t\t\t\t<\/div>\n\t\t\t\t\t<\/div>\n\t\t<\/div>\n\t\t\t\t<div class=\"elementor-column elementor-col-50 elementor-top-column elementor-element elementor-element-801c1bb wpb-col-sm-100\" data-id=\"801c1bb\" data-element_type=\"column\">\n\t\t\t<div class=\"elementor-widget-wrap elementor-element-populated\">\n\t\t\t\t\t\t<div class=\"elementor-element elementor-element-07191ec elementor-widget elementor-widget-heading\" data-id=\"07191ec\" data-element_type=\"widget\" data-widget_type=\"heading.default\">\n\t\t\t\t<div class=\"elementor-widget-container\">\n\t\t\t<h2 class=\"elementor-heading-title elementor-size-default\">VISTAMAR<\/h2>\t\t<\/div>\n\t\t\t\t<\/div>\n\t\t\t\t<div class=\"elementor-element elementor-element-15fe873 elementor-widget elementor-widget-text-editor\" data-id=\"15fe873\" data-element_type=\"widget\" data-widget_type=\"text-editor.default\">\n\t\t\t\t<div class=\"elementor-widget-container\">\n\t\t\t<style>\/*! elementor - v3.23.0 - 25-07-2024 *\/\n.elementor-widget-text-editor.elementor-drop-cap-view-stacked .elementor-drop-cap{background-color:#69727d;color:#fff}.elementor-widget-text-editor.elementor-drop-cap-view-framed .elementor-drop-cap{color:#69727d;border:3px solid;background-color:transparent}.elementor-widget-text-editor:not(.elementor-drop-cap-view-default) .elementor-drop-cap{margin-top:8px}.elementor-widget-text-editor:not(.elementor-drop-cap-view-default) .elementor-drop-cap-letter{width:1em;height:1em}.elementor-widget-text-editor .elementor-drop-cap{float:left;text-align:center;line-height:1;font-size:50px}.elementor-widget-text-editor .elementor-drop-cap-letter{display:inline-block}<\/style>\t\t\t\t<p>NUESTRA\u00a0EN\u00d3LOGA<\/p>\t\t\t\t\t\t<\/div>\n\t\t\t\t<\/div>\n\t\t\t\t<div class=\"elementor-element elementor-element-ffe01a6 elementor-widget__width-initial elementor-widget elementor-widget-text-editor\" data-id=\"ffe01a6\" data-element_type=\"widget\" data-widget_type=\"text-editor.default\">\n\t\t\t\t<div class=\"elementor-widget-container\">\n\t\t\t\t\t\t\tDaniela Salinas toma el liderazgo de Vistamar, transmitiendo su experiencia, pasi\u00f3n y estilo a los vinos.\t\t\t\t\t\t<\/div>\n\t\t\t\t<\/div>\n\t\t\t\t<div class=\"elementor-element elementor-element-dee104d text-block-wapper-7 elementor-widget__width-initial elementor-widget elementor-widget-text-editor\" data-id=\"dee104d\" data-element_type=\"widget\" data-widget_type=\"text-editor.default\">\n\t\t\t\t<div class=\"elementor-widget-container\">\n\t\t\t\t\t\t\t<p>Daniela es una ingeniera agr\u00f3noma graduada de la Universidad de Chile con una extensa experiencia en el mundo del vino. Tras trabajar en reconocidas vi\u00f1as chilenas, se uni\u00f3 a Morand\u00e9 Wine Group en 2012 como en\u00f3loga asistente de Mancura. Luego, se encarg\u00f3 de las vendimias de Zorzal Wines en Gualtallary, Argentina, colaborando estrechamente con los destacados hermanos Michelini.<\/p><p><span style=\"color: var( --e-global-color-text );\">Su talento y experiencia la destacaron r\u00e1pidamente como una l\u00edder en la industria vin\u00edcola. Asumi\u00f3 el rol de en\u00f3loga jefa de House Casa del Vino, el restaurante de Vi\u00f1a Morand\u00e9 en el valle de Casablanca. Aqu\u00ed, comenzaron a gestarse los vinos contempor\u00e1neos de la L\u00ednea Adventure.<\/span><br><\/p><p><span style=\"color: var( --e-global-color-text );\">En este proyecto importante, Daniela supervisa Tirazis, un Syrah de Casablanca conocido por su equilibrio entre acidez y taninos, y Despechado, un Pinot Noir tambi\u00e9n del valle de Casablanca. Adem\u00e1s, ha lanzado un espumante llamado Carap\u00e1lida como parte de su proyecto independiente, Vino de los Siete, en colaboraci\u00f3n con otros en\u00f3logos.<\/span><br><\/p>\t\t\t\t\t\t<\/div>\n\t\t\t\t<\/div>\n\t\t\t\t\t<\/div>\n\t\t<\/div>\n\t\t\t\t\t<\/div>\n\t\t<\/section>\n\t\t\t\t<section class=\"elementor-section elementor-top-section elementor-element elementor-element-7f023b9 elementor-section-full_width elementor-reverse-mobile elementor-section-height-default elementor-section-height-default wpr-particle-no wpr-jarallax-no wpr-parallax-no wpr-sticky-section-no\" data-id=\"7f023b9\" data-element_type=\"section\" data-settings=\"{&quot;background_background&quot;:&quot;classic&quot;}\">\n\t\t\t\t\t\t<div class=\"elementor-container elementor-column-gap-extended\">\n\t\t\t\t\t<div class=\"elementor-column elementor-col-100 elementor-top-column elementor-element elementor-element-11c5fc0 wpb-col-sm-100\" data-id=\"11c5fc0\" data-element_type=\"column\">\n\t\t\t<div class=\"elementor-widget-wrap elementor-element-populated\">\n\t\t\t\t\t\t<div class=\"elementor-element elementor-element-fc9a592 text-block-wapper-7 elementor-widget__width-initial elementor-widget elementor-widget-text-editor\" data-id=\"fc9a592\" data-element_type=\"widget\" data-widget_type=\"text-editor.default\">\n\t\t\t\t<div class=\"elementor-widget-container\">\n\t\t\t\t\t\t\tDesde hace a\u00f1os, Daniela tambi\u00e9n se encarga del \u00e1rea de Preenvase en Morand\u00e9 Wine Group, garantizando la eficiencia y calidad de este proceso en la bodega de Pelequ\u00e9n. \n\nSin embargo, su mayor desaf\u00edo lleg\u00f3 en 2023 con Vistamar, donde lidera la elaboraci\u00f3n de esta l\u00ednea y le imprime su estilo \u00fanico. Su objetivo es mostrar vinos que reflejen sus frescos or\u00edgenes y transmitan las particularidades de sus distintos valles, entregando vinos expresivos, frescos y verticales. \n\nAdem\u00e1s de su pasi\u00f3n por el vino, Daniela disfruta de la naturaleza, andar en bicicleta, practicar yoga y danza, as\u00ed como viajar y degustar un buen vino en cada destino.\t\t\t\t\t\t<\/div>\n\t\t\t\t<\/div>\n\t\t\t\t<div class=\"elementor-element elementor-element-3b6d5fa elementor-widget elementor-widget-spacer\" data-id=\"3b6d5fa\" data-element_type=\"widget\" data-widget_type=\"spacer.default\">\n\t\t\t\t<div class=\"elementor-widget-container\">\n\t\t\t\t\t<div class=\"elementor-spacer\">\n\t\t\t<div class=\"elementor-spacer-inner\"><\/div>\n\t\t<\/div>\n\t\t\t\t<\/div>\n\t\t\t\t<\/div>\n\t\t\t\t\t<\/div>\n\t\t<\/div>\n\t\t\t\t\t<\/div>\n\t\t<\/section>\n\t\t\t\t<\/div>\n\t\t","protected":false},"excerpt":{"rendered":"<p>En\u00f3loga VISTAMAR NUESTRA\u00a0EN\u00d3LOGA Daniela Salinas toma el liderazgo de Vistamar, transmitiendo su experiencia, pasi\u00f3n y estilo a los vinos. Daniela es una ingeniera agr\u00f3noma graduada de la Universidad de Chile con una extensa experiencia en el mundo del vino. Tras trabajar en reconocidas vi\u00f1as chilenas, se uni\u00f3 a Morand\u00e9 Wine Group en 2012 como en\u00f3loga asistente de Mancura. Luego, se encarg\u00f3 de las vendimias de Zorzal Wines en Gualtallary, Argentina, colaborando estrechamente con los destacados hermanos Michelini. Su talento y experiencia la destacaron r\u00e1pidamente como una l\u00edder en la industria vin\u00edcola. Asumi\u00f3 el rol de en\u00f3loga jefa de House Casa del Vino, el restaurante de Vi\u00f1a Morand\u00e9 en el valle de Casablanca. Aqu\u00ed, comenzaron a gestarse los vinos contempor\u00e1neos de la L\u00ednea Adventure. En este proyecto importante, Daniela supervisa Tirazis, un Syrah de Casablanca conocido por su equilibrio entre acidez y taninos, y Despechado, un Pinot Noir tambi\u00e9n del valle de Casablanca. Adem\u00e1s, ha lanzado un espumante llamado Carap\u00e1lida como parte de su proyecto independiente, Vino de los Siete, en colaboraci\u00f3n con otros en\u00f3logos. Desde hace a\u00f1os, Daniela tambi\u00e9n se encarga del \u00e1rea de Preenvase en Morand\u00e9 Wine Group, garantizando la eficiencia y calidad de este proceso en la bodega de Pelequ\u00e9n. Sin embargo, su mayor desaf\u00edo lleg\u00f3 en 2023 con Vistamar, donde lidera la elaboraci\u00f3n de esta l\u00ednea y le imprime su estilo \u00fanico. Su objetivo es mostrar vinos que reflejen sus frescos or\u00edgenes y transmitan las particularidades de sus distintos valles, entregando vinos expresivos, frescos y verticales. Adem\u00e1s de su pasi\u00f3n por el vino, Daniela disfruta de la naturaleza, andar en bicicleta, practicar yoga y danza, as\u00ed como viajar y degustar un buen vino en cada destino.<\/p>\n","protected":false},"author":1,"featured_media":0,"parent":0,"menu_order":0,"comment_status":"closed","ping_status":"closed","template":"page-templates\/homepage.php","meta":{"footnotes":""},"class_list":["post-25125","page","type-page","status-publish","hentry"],"_links":{"self":[{"href":"https:\/\/vistamar.cl\/cl\/wp-json\/wp\/v2\/pages\/25125","targetHints":{"allow":["GET"]}}],"collection":[{"href":"https:\/\/vistamar.cl\/cl\/wp-json\/wp\/v2\/pages"}],"about":[{"href":"https:\/\/vistamar.cl\/cl\/wp-json\/wp\/v2\/types\/page"}],"author":[{"embeddable":true,"href":"https:\/\/vistamar.cl\/cl\/wp-json\/wp\/v2\/users\/1"}],"replies":[{"embeddable":true,"href":"https:\/\/vistamar.cl\/cl\/wp-json\/wp\/v2\/comments?post=25125"}],"version-history":[{"count":49,"href":"https:\/\/vistamar.cl\/cl\/wp-json\/wp\/v2\/pages\/25125\/revisions"}],"predecessor-version":[{"id":26091,"href":"https:\/\/vistamar.cl\/cl\/wp-json\/wp\/v2\/pages\/25125\/revisions\/26091"}],"wp:attachment":[{"href":"https:\/\/vistamar.cl\/cl\/wp-json\/wp\/v2\/media?parent=25125"}],"curies":[{"name":"wp","href":"https:\/\/api.w.org\/{rel}","templated":true}]}}