{"id":26681,"date":"2024-07-01T20:26:53","date_gmt":"2024-07-01T20:26:53","guid":{"rendered":"https:\/\/vistamar.cl\/cl\/?page_id=26681"},"modified":"2024-07-02T16:01:40","modified_gmt":"2024-07-02T16:01:40","slug":"noticias-port","status":"publish","type":"page","link":"https:\/\/vistamar.cl\/cl\/noticias-port\/","title":{"rendered":"PORT &#8211; NOT\u00cdCIAS"},"content":{"rendered":"\t\t<div data-elementor-type=\"wp-page\" data-elementor-id=\"26681\" class=\"elementor elementor-26681\">\n\t\t\t\t\t\t<section class=\"elementor-section elementor-top-section elementor-element elementor-element-968e7cf elementor-section-full_width elementor-section-content-middle elementor-section-height-default elementor-section-height-default wpr-particle-no wpr-jarallax-no wpr-parallax-no wpr-sticky-section-no\" data-id=\"968e7cf\" data-element_type=\"section\" data-settings=\"{&quot;background_background&quot;:&quot;classic&quot;}\">\n\t\t\t\t\t\t\t<div class=\"elementor-background-overlay\"><\/div>\n\t\t\t\t\t\t\t<div class=\"elementor-container elementor-column-gap-default\">\n\t\t\t\t\t<div class=\"elementor-column elementor-col-100 elementor-top-column elementor-element elementor-element-fd21a40\" data-id=\"fd21a40\" data-element_type=\"column\">\n\t\t\t<div class=\"elementor-widget-wrap elementor-element-populated\">\n\t\t\t\t\t\t<section class=\"elementor-section elementor-inner-section elementor-element elementor-element-b79587b elementor-section-full_width elementor-section-content-middle elementor-section-height-default elementor-section-height-default wpr-particle-no wpr-jarallax-no wpr-parallax-no wpr-sticky-section-no\" data-id=\"b79587b\" data-element_type=\"section\">\n\t\t\t\t\t\t<div class=\"elementor-container elementor-column-gap-no\">\n\t\t\t\t\t<div class=\"elementor-column elementor-col-100 elementor-inner-column elementor-element elementor-element-1d7ce8a\" data-id=\"1d7ce8a\" data-element_type=\"column\">\n\t\t\t<div class=\"elementor-widget-wrap elementor-element-populated\">\n\t\t\t\t\t\t<div class=\"elementor-element elementor-element-76d7053 elementor-widget elementor-widget-spacer\" data-id=\"76d7053\" data-element_type=\"widget\" data-widget_type=\"spacer.default\">\n\t\t\t\t<div class=\"elementor-widget-container\">\n\t\t\t<style>\/*! elementor - v3.23.0 - 25-07-2024 *\/\n.elementor-column .elementor-spacer-inner{height:var(--spacer-size)}.e-con{--container-widget-width:100%}.e-con-inner>.elementor-widget-spacer,.e-con>.elementor-widget-spacer{width:var(--container-widget-width,var(--spacer-size));--align-self:var(--container-widget-align-self,initial);--flex-shrink:0}.e-con-inner>.elementor-widget-spacer>.elementor-widget-container,.e-con>.elementor-widget-spacer>.elementor-widget-container{height:100%;width:100%}.e-con-inner>.elementor-widget-spacer>.elementor-widget-container>.elementor-spacer,.e-con>.elementor-widget-spacer>.elementor-widget-container>.elementor-spacer{height:100%}.e-con-inner>.elementor-widget-spacer>.elementor-widget-container>.elementor-spacer>.elementor-spacer-inner,.e-con>.elementor-widget-spacer>.elementor-widget-container>.elementor-spacer>.elementor-spacer-inner{height:var(--container-widget-height,var(--spacer-size))}.e-con-inner>.elementor-widget-spacer.elementor-widget-empty,.e-con>.elementor-widget-spacer.elementor-widget-empty{position:relative;min-height:22px;min-width:22px}.e-con-inner>.elementor-widget-spacer.elementor-widget-empty .elementor-widget-empty-icon,.e-con>.elementor-widget-spacer.elementor-widget-empty .elementor-widget-empty-icon{position:absolute;top:0;bottom:0;left:0;right:0;margin:auto;padding:0;width:22px;height:22px}<\/style>\t\t<div class=\"elementor-spacer\">\n\t\t\t<div class=\"elementor-spacer-inner\"><\/div>\n\t\t<\/div>\n\t\t\t\t<\/div>\n\t\t\t\t<\/div>\n\t\t\t\t<div class=\"elementor-element elementor-element-b2066d1 elementor-widget elementor-widget-heading\" data-id=\"b2066d1\" data-element_type=\"widget\" data-widget_type=\"heading.default\">\n\t\t\t\t<div class=\"elementor-widget-container\">\n\t\t\t<style>\/*! elementor - v3.23.0 - 25-07-2024 *\/\n.elementor-heading-title{padding:0;margin:0;line-height:1}.elementor-widget-heading .elementor-heading-title[class*=elementor-size-]>a{color:inherit;font-size:inherit;line-height:inherit}.elementor-widget-heading .elementor-heading-title.elementor-size-small{font-size:15px}.elementor-widget-heading .elementor-heading-title.elementor-size-medium{font-size:19px}.elementor-widget-heading .elementor-heading-title.elementor-size-large{font-size:29px}.elementor-widget-heading .elementor-heading-title.elementor-size-xl{font-size:39px}.elementor-widget-heading .elementor-heading-title.elementor-size-xxl{font-size:59px}<\/style><h2 class=\"elementor-heading-title elementor-size-default\">NOT\u00cdCIAS<\/h2>\t\t<\/div>\n\t\t\t\t<\/div>\n\t\t\t\t<div class=\"elementor-element elementor-element-94559aa elementor-widget elementor-widget-spacer\" data-id=\"94559aa\" data-element_type=\"widget\" data-widget_type=\"spacer.default\">\n\t\t\t\t<div class=\"elementor-widget-container\">\n\t\t\t\t\t<div class=\"elementor-spacer\">\n\t\t\t<div class=\"elementor-spacer-inner\"><\/div>\n\t\t<\/div>\n\t\t\t\t<\/div>\n\t\t\t\t<\/div>\n\t\t\t\t<div class=\"elementor-element elementor-element-3604a22 text-about elementor-view-default elementor-widget elementor-widget-icon\" data-id=\"3604a22\" data-element_type=\"widget\" data-widget_type=\"icon.default\">\n\t\t\t\t<div class=\"elementor-widget-container\">\n\t\t\t\t\t<div class=\"elementor-icon-wrapper\">\n\t\t\t<a class=\"elementor-icon\" href=\"#noticias\">\n\t\t\t<i aria-hidden=\"true\" class=\"fas fa-angle-down\"><\/i>\t\t\t<\/a>\n\t\t<\/div>\n\t\t\t\t<\/div>\n\t\t\t\t<\/div>\n\t\t\t\t\t<\/div>\n\t\t<\/div>\n\t\t\t\t\t<\/div>\n\t\t<\/section>\n\t\t\t\t\t<\/div>\n\t\t<\/div>\n\t\t\t\t\t<\/div>\n\t\t<\/section>\n\t\t\t\t<section class=\"elementor-section elementor-top-section elementor-element elementor-element-757b784 elementor-section-full_width elementor-section-height-default elementor-section-height-default wpr-particle-no wpr-jarallax-no wpr-parallax-no wpr-sticky-section-no\" data-id=\"757b784\" data-element_type=\"section\" id=\"noticias\">\n\t\t\t\t\t\t<div class=\"elementor-container elementor-column-gap-default\">\n\t\t\t\t\t<div class=\"elementor-column elementor-col-100 elementor-top-column elementor-element elementor-element-7fb3161\" data-id=\"7fb3161\" data-element_type=\"column\">\n\t\t\t<div class=\"elementor-widget-wrap elementor-element-populated\">\n\t\t\t\t\t\t<div class=\"elementor-element elementor-element-2b7e05e elementor-widget elementor-widget-bwp_recent_post\" data-id=\"2b7e05e\" data-element_type=\"widget\" data-widget_type=\"bwp_recent_post.default\">\n\t\t\t\t<div class=\"elementor-widget-container\">\n\t\t\t<div class=\"bwp-recent-post default\">\r\n <div class=\"block\">\r\n \t\t<div class=\"block_content row\">\r\n\t\t\t\t\t<div class=\"item col-xl-4 col-lg-6 col-md-6 col-12\">\r\n\t\t\t\t<div  class=\"post-grid post-27482 post type-post status-publish format-standard has-post-thumbnail hentry category-noticias\">\t\r\n\t\t\t\t<div class=\"post-inner style\">\r\n\t\t\t\t\t<div class=\"post-iamge\">\r\n\t\t\t\t\t\t<a class=\"post-thumbnail\" href=\"https:\/\/vistamar.cl\/cl\/2026\/03\/17\/pascoa-com-vistamar-o-vinho-certo-para-cada-prato-da-data\/\" aria-hidden=\"true\">\r\n\t\t\t\t\t\t<img fetchpriority=\"high\" decoding=\"async\" width=\"720\" height=\"484\" src=\"https:\/\/vistamar.cl\/cl\/wp-content\/uploads\/2026\/03\/vistamar-easter-wines-720x484.jpg\" class=\"attachment-post-thumbnail size-post-thumbnail wp-post-image\" alt=\"P\u00c1SCOA COM VISTAMAR: O VINHO CERTO PARA CADA PRATO DA DATA\" \/>\t\t\t\t\t\t<\/a>\r\n\t\t\t\t\t<\/div>\r\n\t\t\t\t\t<div class=\"post-content\">\r\n\t\t\t\t\t\t<div class=\"categories\">\r\n\t\t\t\t\t\t\t<a href=\"https:\/\/vistamar.cl\/cl\/category\/noticias\/\">Not\u00edcias<\/a>\r\n\t\t\t\t\t\t<\/div>\r\n\t\t\t\t\t\t<h2 class=\"entry-title\"><a href=\"https:\/\/vistamar.cl\/cl\/2026\/03\/17\/pascoa-com-vistamar-o-vinho-certo-para-cada-prato-da-data\/\">P\u00c1SCOA COM VISTAMAR: O VINHO CERTO PARA CADA PRATO DA DATA<\/a><\/h2>\r\n\t\t\t\t\t\t<div class=\"date-cmt\">\r\n\t\t\t\t\t\t\t<div class=\"meta-date\"><div class=\"entry-dates\"><time class=\"entry-date\" datetime=\"2026-03-17T18:10:16+00:00\"><span>17<\/span><span>Mar<\/span><\/time><\/div><\/div>\r\n\t\t\t\t\t\t\t<div class=\"entry-meta-head\">\r\n\t\t\t\t\t\t\t\t<span class=\"comments-link\">\r\n\t\t\t\t\t\t\t\t\t\t\t\t\t\t\t\t\t\t\t0<span> Comments<\/span>\t\t\t\t\t\t\t\t\t\t\t\t\t\t\t\t\t<\/span>\r\n\t\t\t\t\t\t\t<\/div>\r\n\t\t\t\t\t\t<\/div>\r\n\t\t\t\t\t<\/div>\r\n\t\t\t\t<\/div>\r\n\t\t\t\t<\/div><!-- #post-## -->\r\n\t\t\t<\/div>\r\n\t\t\t\t\t<div class=\"item col-xl-4 col-lg-6 col-md-6 col-12\">\r\n\t\t\t\t<div  class=\"post-grid post-27247 post type-post status-publish format-standard has-post-thumbnail hentry category-noticias-es category-noticias\">\t\r\n\t\t\t\t<div class=\"post-inner style\">\r\n\t\t\t\t\t<div class=\"post-iamge\">\r\n\t\t\t\t\t\t<a class=\"post-thumbnail\" href=\"https:\/\/vistamar.cl\/cl\/2025\/01\/08\/vistamar-brisa-vinos-influenciados-por-vientos-andinos-y-brisas-costeras\/\" aria-hidden=\"true\">\r\n\t\t\t\t\t\t<img decoding=\"async\" width=\"720\" height=\"484\" src=\"https:\/\/vistamar.cl\/cl\/wp-content\/uploads\/2025\/01\/BRISA_6-720x484.jpg\" class=\"attachment-post-thumbnail size-post-thumbnail wp-post-image\" alt=\"Vistamar Brisa, vinos influenciados por vientos andinos y brisas costeras\" \/>\t\t\t\t\t\t<\/a>\r\n\t\t\t\t\t<\/div>\r\n\t\t\t\t\t<div class=\"post-content\">\r\n\t\t\t\t\t\t<div class=\"categories\">\r\n\t\t\t\t\t\t\t<a href=\"https:\/\/vistamar.cl\/cl\/category\/noticias-es\/\">Noticias<\/a>\r\n\t\t\t\t\t\t<\/div>\r\n\t\t\t\t\t\t<h2 class=\"entry-title\"><a href=\"https:\/\/vistamar.cl\/cl\/2025\/01\/08\/vistamar-brisa-vinos-influenciados-por-vientos-andinos-y-brisas-costeras\/\">Vistamar Brisa, vinos influenciados por vientos andinos y brisas costeras<\/a><\/h2>\r\n\t\t\t\t\t\t<div class=\"date-cmt\">\r\n\t\t\t\t\t\t\t<div class=\"meta-date\"><div class=\"entry-dates\"><time class=\"entry-date\" datetime=\"2025-01-08T15:33:25+00:00\"><span>08<\/span><span>Jan<\/span><\/time><\/div><\/div>\r\n\t\t\t\t\t\t\t<div class=\"entry-meta-head\">\r\n\t\t\t\t\t\t\t\t<span class=\"comments-link\">\r\n\t\t\t\t\t\t\t\t\t\t\t\t\t\t\t\t\t\t\t\t\t\t\t\t\t\t\t\t\t\t6<span> Comments<\/span>\t\t\t\t\t\t\t\t\t\t\t\t\t\t\t\t\t\t\t\t\t\t\t\t\t\t\t<\/span>\r\n\t\t\t\t\t\t\t<\/div>\r\n\t\t\t\t\t\t<\/div>\r\n\t\t\t\t\t<\/div>\r\n\t\t\t\t<\/div>\r\n\t\t\t\t<\/div><!-- #post-## -->\r\n\t\t\t<\/div>\r\n\t\t\t\t\t<div class=\"item col-xl-4 col-lg-6 col-md-6 col-12\">\r\n\t\t\t\t<div  class=\"post-grid post-26820 post type-post status-publish format-standard has-post-thumbnail hentry category-noticias\">\t\r\n\t\t\t\t<div class=\"post-inner style\">\r\n\t\t\t\t\t<div class=\"post-iamge\">\r\n\t\t\t\t\t\t<a class=\"post-thumbnail\" href=\"https:\/\/vistamar.cl\/cl\/2024\/07\/02\/vistamar-eje-costa-sauvignon-blanc-un-vino-con-influencia-de-mar-2\/\" aria-hidden=\"true\">\r\n\t\t\t\t\t\t<img decoding=\"async\" width=\"720\" height=\"484\" src=\"https:\/\/vistamar.cl\/cl\/wp-content\/uploads\/2024\/06\/Vistamar_Eje-720x484.jpg\" class=\"attachment-post-thumbnail size-post-thumbnail wp-post-image\" alt=\"Vistamar Eje Costa Sauvignon Blanc, um vinho com influ\u00eancia do mar\" \/>\t\t\t\t\t\t<\/a>\r\n\t\t\t\t\t<\/div>\r\n\t\t\t\t\t<div class=\"post-content\">\r\n\t\t\t\t\t\t<div class=\"categories\">\r\n\t\t\t\t\t\t\t<a href=\"https:\/\/vistamar.cl\/cl\/category\/noticias\/\">Not\u00edcias<\/a>\r\n\t\t\t\t\t\t<\/div>\r\n\t\t\t\t\t\t<h2 class=\"entry-title\"><a href=\"https:\/\/vistamar.cl\/cl\/2024\/07\/02\/vistamar-eje-costa-sauvignon-blanc-un-vino-con-influencia-de-mar-2\/\">Vistamar Eje Costa Sauvignon Blanc, um vinho com influ\u00eancia do mar<\/a><\/h2>\r\n\t\t\t\t\t\t<div class=\"date-cmt\">\r\n\t\t\t\t\t\t\t<div class=\"meta-date\"><div class=\"entry-dates\"><time class=\"entry-date\" datetime=\"2024-07-02T16:01:11+00:00\"><span>02<\/span><span>Jul<\/span><\/time><\/div><\/div>\r\n\t\t\t\t\t\t\t<div class=\"entry-meta-head\">\r\n\t\t\t\t\t\t\t\t<span class=\"comments-link\">\r\n\t\t\t\t\t\t\t\t\t\t\t\t\t\t\t\t\t\t\t\t\t\t\t\t\t\t\t\t\t\t9<span> Comments<\/span>\t\t\t\t\t\t\t\t\t\t\t\t\t\t\t\t\t\t\t\t\t\t\t\t\t\t\t<\/span>\r\n\t\t\t\t\t\t\t<\/div>\r\n\t\t\t\t\t\t<\/div>\r\n\t\t\t\t\t<\/div>\r\n\t\t\t\t<\/div>\r\n\t\t\t\t<\/div><!-- #post-## -->\r\n\t\t\t<\/div>\r\n\t\t\t\t\t<div class=\"item col-xl-4 col-lg-6 col-md-6 col-12\">\r\n\t\t\t\t<div  class=\"post-grid post-26854 post type-post status-publish format-standard has-post-thumbnail hentry category-noticias\">\t\r\n\t\t\t\t<div class=\"post-inner style\">\r\n\t\t\t\t\t<div class=\"post-iamge\">\r\n\t\t\t\t\t\t<a class=\"post-thumbnail\" href=\"https:\/\/vistamar.cl\/cl\/2023\/10\/19\/conheca-a-nova-imagem-da-vistamar\/\" aria-hidden=\"true\">\r\n\t\t\t\t\t\t<img loading=\"lazy\" decoding=\"async\" width=\"720\" height=\"484\" src=\"https:\/\/vistamar.cl\/cl\/wp-content\/uploads\/2024\/07\/BN_VM_NuevaImg_port-720x484.jpg\" class=\"attachment-post-thumbnail size-post-thumbnail wp-post-image\" alt=\"Conhe\u00e7a a nova imagem da Vistamar\" \/>\t\t\t\t\t\t<\/a>\r\n\t\t\t\t\t<\/div>\r\n\t\t\t\t\t<div class=\"post-content\">\r\n\t\t\t\t\t\t<div class=\"categories\">\r\n\t\t\t\t\t\t\t<a href=\"https:\/\/vistamar.cl\/cl\/category\/noticias\/\">Not\u00edcias<\/a>\r\n\t\t\t\t\t\t<\/div>\r\n\t\t\t\t\t\t<h2 class=\"entry-title\"><a href=\"https:\/\/vistamar.cl\/cl\/2023\/10\/19\/conheca-a-nova-imagem-da-vistamar\/\">Conhe\u00e7a a nova imagem da Vistamar<\/a><\/h2>\r\n\t\t\t\t\t\t<div class=\"date-cmt\">\r\n\t\t\t\t\t\t\t<div class=\"meta-date\"><div class=\"entry-dates\"><time class=\"entry-date\" datetime=\"2023-10-19T06:57:00+00:00\"><span>19<\/span><span>Oct<\/span><\/time><\/div><\/div>\r\n\t\t\t\t\t\t\t<div class=\"entry-meta-head\">\r\n\t\t\t\t\t\t\t\t<span class=\"comments-link\">\r\n\t\t\t\t\t\t\t\t\t\t\t\t\t\t\t\t\t\t\t0<span> Comments<\/span>\t\t\t\t\t\t\t\t\t\t\t\t\t\t\t\t\t<\/span>\r\n\t\t\t\t\t\t\t<\/div>\r\n\t\t\t\t\t\t<\/div>\r\n\t\t\t\t\t<\/div>\r\n\t\t\t\t<\/div>\r\n\t\t\t\t<\/div><!-- #post-## -->\r\n\t\t\t<\/div>\r\n\t\t\t<\/div>\r\n <\/div>\r\n<\/div>\r\n\t\t<\/div>\n\t\t\t\t<\/div>\n\t\t\t\t\t<\/div>\n\t\t<\/div>\n\t\t\t\t\t<\/div>\n\t\t<\/section>\n\t\t\t\t<\/div>\n\t\t","protected":false},"excerpt":{"rendered":"<p>NOT\u00cdCIAS Not\u00edcias Vistamar Eje Costa Sauvignon Blanc, um vinho com influ\u00eancia do mar 02Jul 0 Comments<\/p>\n","protected":false},"author":1,"featured_media":0,"parent":0,"menu_order":0,"comment_status":"closed","ping_status":"closed","template":"page-templates\/homepage.php","meta":{"footnotes":""},"class_list":["post-26681","page","type-page","status-publish","hentry","has-post-thumbnail"],"_links":{"self":[{"href":"https:\/\/vistamar.cl\/cl\/wp-json\/wp\/v2\/pages\/26681","targetHints":{"allow":["GET"]}}],"collection":[{"href":"https:\/\/vistamar.cl\/cl\/wp-json\/wp\/v2\/pages"}],"about":[{"href":"https:\/\/vistamar.cl\/cl\/wp-json\/wp\/v2\/types\/page"}],"author":[{"embeddable":true,"href":"https:\/\/vistamar.cl\/cl\/wp-json\/wp\/v2\/users\/1"}],"replies":[{"embeddable":true,"href":"https:\/\/vistamar.cl\/cl\/wp-json\/wp\/v2\/comments?post=26681"}],"version-history":[{"count":7,"href":"https:\/\/vistamar.cl\/cl\/wp-json\/wp\/v2\/pages\/26681\/revisions"}],"predecessor-version":[{"id":26824,"href":"https:\/\/vistamar.cl\/cl\/wp-json\/wp\/v2\/pages\/26681\/revisions\/26824"}],"wp:attachment":[{"href":"https:\/\/vistamar.cl\/cl\/wp-json\/wp\/v2\/media?parent=26681"}],"curies":[{"name":"wp","href":"https:\/\/api.w.org\/{rel}","templated":true}]}}