{"id":26695,"date":"2024-07-01T20:30:42","date_gmt":"2024-07-01T20:30:42","guid":{"rendered":"https:\/\/vistamar.cl\/cl\/?page_id=26695"},"modified":"2024-10-08T21:28:52","modified_gmt":"2024-10-08T21:28:52","slug":"quem-somos","status":"publish","type":"page","link":"https:\/\/vistamar.cl\/cl\/quem-somos\/","title":{"rendered":"PORT &#8211; Quem somos"},"content":{"rendered":"\t\t<div data-elementor-type=\"wp-page\" data-elementor-id=\"26695\" class=\"elementor elementor-26695\">\n\t\t\t\t\t\t<section class=\"elementor-section elementor-top-section elementor-element elementor-element-d17e205 elementor-section-full_width elementor-section-height-default elementor-section-height-default wpr-particle-no wpr-jarallax-no wpr-parallax-no wpr-sticky-section-no\" data-id=\"d17e205\" data-element_type=\"section\" data-settings=\"{&quot;background_background&quot;:&quot;classic&quot;}\">\n\t\t\t\t\t\t\t<div class=\"elementor-background-overlay\"><\/div>\n\t\t\t\t\t\t\t<div class=\"elementor-container elementor-column-gap-default\">\n\t\t\t\t\t<div class=\"elementor-column elementor-col-100 elementor-top-column elementor-element elementor-element-36af7b6\" data-id=\"36af7b6\" data-element_type=\"column\">\n\t\t\t<div class=\"elementor-widget-wrap elementor-element-populated\">\n\t\t\t\t\t\t<section class=\"elementor-section elementor-inner-section elementor-element elementor-element-4708e04 elementor-section-boxed elementor-section-height-default elementor-section-height-default wpr-particle-no wpr-jarallax-no wpr-parallax-no wpr-sticky-section-no\" data-id=\"4708e04\" data-element_type=\"section\">\n\t\t\t\t\t\t<div class=\"elementor-container elementor-column-gap-default\">\n\t\t\t\t\t<div class=\"elementor-column elementor-col-100 elementor-inner-column elementor-element elementor-element-94c3a6f\" data-id=\"94c3a6f\" data-element_type=\"column\">\n\t\t\t<div class=\"elementor-widget-wrap elementor-element-populated\">\n\t\t\t\t\t\t<div class=\"elementor-element elementor-element-b1fca86 elementor-widget elementor-widget-spacer\" data-id=\"b1fca86\" data-element_type=\"widget\" data-widget_type=\"spacer.default\">\n\t\t\t\t<div class=\"elementor-widget-container\">\n\t\t\t<style>\/*! elementor - v3.23.0 - 25-07-2024 *\/\n.elementor-column .elementor-spacer-inner{height:var(--spacer-size)}.e-con{--container-widget-width:100%}.e-con-inner>.elementor-widget-spacer,.e-con>.elementor-widget-spacer{width:var(--container-widget-width,var(--spacer-size));--align-self:var(--container-widget-align-self,initial);--flex-shrink:0}.e-con-inner>.elementor-widget-spacer>.elementor-widget-container,.e-con>.elementor-widget-spacer>.elementor-widget-container{height:100%;width:100%}.e-con-inner>.elementor-widget-spacer>.elementor-widget-container>.elementor-spacer,.e-con>.elementor-widget-spacer>.elementor-widget-container>.elementor-spacer{height:100%}.e-con-inner>.elementor-widget-spacer>.elementor-widget-container>.elementor-spacer>.elementor-spacer-inner,.e-con>.elementor-widget-spacer>.elementor-widget-container>.elementor-spacer>.elementor-spacer-inner{height:var(--container-widget-height,var(--spacer-size))}.e-con-inner>.elementor-widget-spacer.elementor-widget-empty,.e-con>.elementor-widget-spacer.elementor-widget-empty{position:relative;min-height:22px;min-width:22px}.e-con-inner>.elementor-widget-spacer.elementor-widget-empty .elementor-widget-empty-icon,.e-con>.elementor-widget-spacer.elementor-widget-empty .elementor-widget-empty-icon{position:absolute;top:0;bottom:0;left:0;right:0;margin:auto;padding:0;width:22px;height:22px}<\/style>\t\t<div class=\"elementor-spacer\">\n\t\t\t<div class=\"elementor-spacer-inner\"><\/div>\n\t\t<\/div>\n\t\t\t\t<\/div>\n\t\t\t\t<\/div>\n\t\t\t\t<div class=\"elementor-element elementor-element-4a0a94f elementor-widget elementor-widget-heading\" data-id=\"4a0a94f\" data-element_type=\"widget\" data-widget_type=\"heading.default\">\n\t\t\t\t<div class=\"elementor-widget-container\">\n\t\t\t<style>\/*! elementor - v3.23.0 - 25-07-2024 *\/\n.elementor-heading-title{padding:0;margin:0;line-height:1}.elementor-widget-heading .elementor-heading-title[class*=elementor-size-]>a{color:inherit;font-size:inherit;line-height:inherit}.elementor-widget-heading .elementor-heading-title.elementor-size-small{font-size:15px}.elementor-widget-heading .elementor-heading-title.elementor-size-medium{font-size:19px}.elementor-widget-heading .elementor-heading-title.elementor-size-large{font-size:29px}.elementor-widget-heading .elementor-heading-title.elementor-size-xl{font-size:39px}.elementor-widget-heading .elementor-heading-title.elementor-size-xxl{font-size:59px}<\/style><h2 class=\"elementor-heading-title elementor-size-default\">QUEM SOMOS<\/h2>\t\t<\/div>\n\t\t\t\t<\/div>\n\t\t\t\t<div class=\"elementor-element elementor-element-e054aad text-about elementor-view-default elementor-widget elementor-widget-icon\" data-id=\"e054aad\" data-element_type=\"widget\" data-widget_type=\"icon.default\">\n\t\t\t\t<div class=\"elementor-widget-container\">\n\t\t\t\t\t<div class=\"elementor-icon-wrapper\">\n\t\t\t<a class=\"elementor-icon\" href=\"#Nosotros\">\n\t\t\t<i aria-hidden=\"true\" class=\"fas fa-angle-right\"><\/i>\t\t\t<\/a>\n\t\t<\/div>\n\t\t\t\t<\/div>\n\t\t\t\t<\/div>\n\t\t\t\t\t<\/div>\n\t\t<\/div>\n\t\t\t\t\t<\/div>\n\t\t<\/section>\n\t\t\t\t\t<\/div>\n\t\t<\/div>\n\t\t\t\t\t<\/div>\n\t\t<\/section>\n\t\t\t\t<section class=\"elementor-section elementor-top-section elementor-element elementor-element-b802657 elementor-section-full_width elementor-section-height-default elementor-section-height-default wpr-particle-no wpr-jarallax-no wpr-parallax-no wpr-sticky-section-no\" data-id=\"b802657\" data-element_type=\"section\" id=\"Nosotros\" data-settings=\"{&quot;background_background&quot;:&quot;classic&quot;}\">\n\t\t\t\t\t\t<div class=\"elementor-container elementor-column-gap-extended\">\n\t\t\t\t\t<div class=\"elementor-column elementor-col-100 elementor-top-column elementor-element elementor-element-5df040f wpb-col-sm-100\" data-id=\"5df040f\" data-element_type=\"column\">\n\t\t\t<div class=\"elementor-widget-wrap elementor-element-populated\">\n\t\t\t\t\t\t<div class=\"elementor-element elementor-element-69b8cea elementor-widget elementor-widget-heading\" data-id=\"69b8cea\" data-element_type=\"widget\" data-widget_type=\"heading.default\">\n\t\t\t\t<div class=\"elementor-widget-container\">\n\t\t\t<h2 class=\"elementor-heading-title elementor-size-default\">VISTAMAR<\/h2>\t\t<\/div>\n\t\t\t\t<\/div>\n\t\t\t\t<div class=\"elementor-element elementor-element-40fdc78 elementor-widget elementor-widget-text-editor\" data-id=\"40fdc78\" data-element_type=\"widget\" data-widget_type=\"text-editor.default\">\n\t\t\t\t<div class=\"elementor-widget-container\">\n\t\t\t<style>\/*! elementor - v3.23.0 - 25-07-2024 *\/\n.elementor-widget-text-editor.elementor-drop-cap-view-stacked .elementor-drop-cap{background-color:#69727d;color:#fff}.elementor-widget-text-editor.elementor-drop-cap-view-framed .elementor-drop-cap{color:#69727d;border:3px solid;background-color:transparent}.elementor-widget-text-editor:not(.elementor-drop-cap-view-default) .elementor-drop-cap{margin-top:8px}.elementor-widget-text-editor:not(.elementor-drop-cap-view-default) .elementor-drop-cap-letter{width:1em;height:1em}.elementor-widget-text-editor .elementor-drop-cap{float:left;text-align:center;line-height:1;font-size:50px}.elementor-widget-text-editor .elementor-drop-cap-letter{display:inline-block}<\/style>\t\t\t\tNOSSA HIST\u00d3RIA\n\t\t\t\t\t\t<\/div>\n\t\t\t\t<\/div>\n\t\t\t\t<div class=\"elementor-element elementor-element-7e8de5c text-block-wapper-7 elementor-widget__width-initial elementor-widget elementor-widget-text-editor\" data-id=\"7e8de5c\" data-element_type=\"widget\" data-widget_type=\"text-editor.default\">\n\t\t\t\t<div class=\"elementor-widget-container\">\n\t\t\t\t\t\t\t<p><span lang=\"PT-BR\">Nossa hist\u00f3ria \u00e9 tecida com ciclos e esta\u00e7\u00f5es, com li\u00e7\u00f5es aprendidas da terra. Observamos, estudamos e refletimos sobre a natureza, e conclu\u00edmos que ela \u00e9 s\u00e1bia. Entendemos que somos parte integrante deste sistema e que a chave para uma vida equilibrada \u00e9 respeitar o tempo. Os vinhedos nos ensinaram que o tempo \u00e9 um recurso abundante, n\u00e3o escasso; e que para encontrar equil\u00edbrio, devemos honr\u00e1-lo. Respeitar o tempo significa honrar nossos ritmos internos e caminhar em sintonia com a natureza.<\/span><\/p><p><span lang=\"PT-BR\">Nossa jornada nos levou a descobrir o belo Vale de Casablanca e suas virtudes. Em 1997 nasceu a Vi\u00f1a Vistamar, inspirada pela lenta matura\u00e7\u00e3o das uvas neste ambiente. Os ciclos de crescimento, recompensados com notas frutadas, aromas intensos e acidez caracter\u00edstica, marcaram o in\u00edcio de uma aventura emocionante.<\/span><\/p>\t\t\t\t\t\t<\/div>\n\t\t\t\t<\/div>\n\t\t\t\t\t<\/div>\n\t\t<\/div>\n\t\t\t\t\t<\/div>\n\t\t<\/section>\n\t\t\t\t<section class=\"elementor-section elementor-top-section elementor-element elementor-element-3dd259b elementor-section-full_width elementor-section-height-default elementor-section-height-default wpr-particle-no wpr-jarallax-no wpr-parallax-no wpr-sticky-section-no\" data-id=\"3dd259b\" data-element_type=\"section\" data-settings=\"{&quot;background_background&quot;:&quot;classic&quot;}\">\n\t\t\t\t\t\t<div class=\"elementor-container elementor-column-gap-extended\">\n\t\t\t\t\t<div class=\"elementor-column elementor-col-100 elementor-top-column elementor-element elementor-element-991c433 wpb-col-sm-100\" data-id=\"991c433\" data-element_type=\"column\" data-settings=\"{&quot;background_background&quot;:&quot;classic&quot;}\">\n\t\t\t<div class=\"elementor-widget-wrap elementor-element-populated\">\n\t\t\t\t\t\t<div class=\"elementor-element elementor-element-054b497 elementor-widget elementor-widget-text-editor\" data-id=\"054b497\" data-element_type=\"widget\" data-widget_type=\"text-editor.default\">\n\t\t\t\t<div class=\"elementor-widget-container\">\n\t\t\t\t\t\t\t<p>Embaixadores<br \/>do Tempo<\/p>\t\t\t\t\t\t<\/div>\n\t\t\t\t<\/div>\n\t\t\t\t<div class=\"elementor-element elementor-element-c1ffa50 elementor-absolute elementor-widget elementor-widget-image\" data-id=\"c1ffa50\" data-element_type=\"widget\" data-settings=\"{&quot;_position&quot;:&quot;absolute&quot;}\" data-widget_type=\"image.default\">\n\t\t\t\t<div class=\"elementor-widget-container\">\n\t\t\t<style>\/*! elementor - v3.23.0 - 25-07-2024 *\/\n.elementor-widget-image{text-align:center}.elementor-widget-image a{display:inline-block}.elementor-widget-image a img[src$=\".svg\"]{width:48px}.elementor-widget-image img{vertical-align:middle;display:inline-block}<\/style>\t\t\t\t\t\t\t\t\t\t<img fetchpriority=\"high\" decoding=\"async\" width=\"178\" height=\"281\" src=\"https:\/\/vistamar.cl\/cl\/wp-content\/uploads\/2023\/11\/Vector.webp\" class=\"attachment-large size-large wp-image-24849\" alt=\"\" \/>\t\t\t\t\t\t\t\t\t\t\t\t\t<\/div>\n\t\t\t\t<\/div>\n\t\t\t\t<div class=\"elementor-element elementor-element-511cb2c text-block-wapper-7 elementor-widget__width-initial elementor-widget elementor-widget-text-editor\" data-id=\"511cb2c\" data-element_type=\"widget\" data-widget_type=\"text-editor.default\">\n\t\t\t\t<div class=\"elementor-widget-container\">\n\t\t\t\t\t\t\t<p>Ao longo dos anos, a en\u00f3loga Daniela Salinas nos guiou na explora\u00e7\u00e3o de novos terroirs de clima frio, onde as uvas atingem sua express\u00e3o m\u00e1xima. Esta jornada nos levou a criar uma cole\u00e7\u00e3o de vinhos que nos convidam a fazer uma pausa, a nos reconectarmos com nossa natureza interior e a aproveitarmos a vida sem pressa.<\/p><p>E foi assim que, a partir desses vinhedos da costa chilena, nos tornamos embaixadores do tempo e da natureza. A Vi\u00f1a Vistamar \u00e9 um convite para desfrutar a vida lentamente, respeitando o passar do tempo. \u00c9 um lembrete de que, a cada momento, podemos nos divertir e viver nossas paix\u00f5es com quem escolhermos; seja na cidade, na praia ou aos p\u00e9s de uma majestosa montanha. Somos uma vin\u00edcola que celebra a arte de viver em harmonia com a natureza e o tempo.<\/p>\t\t\t\t\t\t<\/div>\n\t\t\t\t<\/div>\n\t\t\t\t\t<\/div>\n\t\t<\/div>\n\t\t\t\t\t<\/div>\n\t\t<\/section>\n\t\t\t\t<\/div>\n\t\t","protected":false},"excerpt":{"rendered":"<p>QUEM SOMOS VISTAMAR NOSSA HIST\u00d3RIA Nossa hist\u00f3ria \u00e9 tecida com ciclos e esta\u00e7\u00f5es, com li\u00e7\u00f5es aprendidas da terra. Observamos, estudamos e refletimos sobre a natureza, e conclu\u00edmos que ela \u00e9 s\u00e1bia. Entendemos que somos parte integrante deste sistema e que a chave para uma vida equilibrada \u00e9 respeitar o tempo. Os vinhedos nos ensinaram que o tempo \u00e9 um recurso abundante, n\u00e3o escasso; e que para encontrar equil\u00edbrio, devemos honr\u00e1-lo. Respeitar o tempo significa honrar nossos ritmos internos e caminhar em sintonia com a natureza. Nossa jornada nos levou a descobrir o belo Vale de Casablanca e suas virtudes. Em 1997 nasceu a Vi\u00f1a Vistamar, inspirada pela lenta matura\u00e7\u00e3o das uvas neste ambiente. Os ciclos de crescimento, recompensados com notas frutadas, aromas intensos e acidez caracter\u00edstica, marcaram o in\u00edcio de uma aventura emocionante. Embaixadoresdo Tempo Ao longo dos anos, a en\u00f3loga Daniela Salinas nos guiou na explora\u00e7\u00e3o de novos terroirs de clima frio, onde as uvas atingem sua express\u00e3o m\u00e1xima. Esta jornada nos levou a criar uma cole\u00e7\u00e3o de vinhos que nos convidam a fazer uma pausa, a nos reconectarmos com nossa natureza interior e a aproveitarmos a vida sem pressa. E foi assim que, a partir desses vinhedos da costa chilena, nos tornamos embaixadores do tempo e da natureza. A Vi\u00f1a Vistamar \u00e9 um convite para desfrutar a vida lentamente, respeitando o passar do tempo. \u00c9 um lembrete de que, a cada momento, podemos nos divertir e viver nossas paix\u00f5es com quem escolhermos; seja na cidade, na praia ou aos p\u00e9s de uma majestosa montanha. Somos uma vin\u00edcola que celebra a arte de viver em harmonia com a natureza e o tempo.<\/p>\n","protected":false},"author":1,"featured_media":0,"parent":0,"menu_order":0,"comment_status":"closed","ping_status":"closed","template":"page-templates\/homepage.php","meta":{"footnotes":""},"class_list":["post-26695","page","type-page","status-publish","hentry"],"_links":{"self":[{"href":"https:\/\/vistamar.cl\/cl\/wp-json\/wp\/v2\/pages\/26695","targetHints":{"allow":["GET"]}}],"collection":[{"href":"https:\/\/vistamar.cl\/cl\/wp-json\/wp\/v2\/pages"}],"about":[{"href":"https:\/\/vistamar.cl\/cl\/wp-json\/wp\/v2\/types\/page"}],"author":[{"embeddable":true,"href":"https:\/\/vistamar.cl\/cl\/wp-json\/wp\/v2\/users\/1"}],"replies":[{"embeddable":true,"href":"https:\/\/vistamar.cl\/cl\/wp-json\/wp\/v2\/comments?post=26695"}],"version-history":[{"count":16,"href":"https:\/\/vistamar.cl\/cl\/wp-json\/wp\/v2\/pages\/26695\/revisions"}],"predecessor-version":[{"id":27226,"href":"https:\/\/vistamar.cl\/cl\/wp-json\/wp\/v2\/pages\/26695\/revisions\/27226"}],"wp:attachment":[{"href":"https:\/\/vistamar.cl\/cl\/wp-json\/wp\/v2\/media?parent=26695"}],"curies":[{"name":"wp","href":"https:\/\/api.w.org\/{rel}","templated":true}]}}