{"id":9095,"date":"2020-01-13T06:50:18","date_gmt":"2020-01-13T06:50:18","guid":{"rendered":"https:\/\/wpbingosite.com\/wordpress\/kowine\/?page_id=9095"},"modified":"2024-10-08T21:28:50","modified_gmt":"2024-10-08T21:28:50","slug":"nosotros","status":"publish","type":"page","link":"https:\/\/vistamar.cl\/cl\/nosotros\/","title":{"rendered":"Nosotros"},"content":{"rendered":"\t\t<div data-elementor-type=\"wp-page\" data-elementor-id=\"9095\" class=\"elementor elementor-9095\">\n\t\t\t\t\t\t<section class=\"elementor-section elementor-top-section elementor-element elementor-element-d17e205 elementor-section-full_width elementor-section-height-default elementor-section-height-default wpr-particle-no wpr-jarallax-no wpr-parallax-no wpr-sticky-section-no\" data-id=\"d17e205\" data-element_type=\"section\" data-settings=\"{&quot;background_background&quot;:&quot;classic&quot;}\">\n\t\t\t\t\t\t\t<div class=\"elementor-background-overlay\"><\/div>\n\t\t\t\t\t\t\t<div class=\"elementor-container elementor-column-gap-default\">\n\t\t\t\t\t<div class=\"elementor-column elementor-col-100 elementor-top-column elementor-element elementor-element-36af7b6\" data-id=\"36af7b6\" data-element_type=\"column\">\n\t\t\t<div class=\"elementor-widget-wrap elementor-element-populated\">\n\t\t\t\t\t\t<section class=\"elementor-section elementor-inner-section elementor-element elementor-element-4708e04 elementor-section-boxed elementor-section-height-default elementor-section-height-default wpr-particle-no wpr-jarallax-no wpr-parallax-no wpr-sticky-section-no\" data-id=\"4708e04\" data-element_type=\"section\">\n\t\t\t\t\t\t<div class=\"elementor-container elementor-column-gap-default\">\n\t\t\t\t\t<div class=\"elementor-column elementor-col-100 elementor-inner-column elementor-element elementor-element-94c3a6f\" data-id=\"94c3a6f\" data-element_type=\"column\">\n\t\t\t<div class=\"elementor-widget-wrap elementor-element-populated\">\n\t\t\t\t\t\t<div class=\"elementor-element elementor-element-b1fca86 elementor-widget elementor-widget-spacer\" data-id=\"b1fca86\" data-element_type=\"widget\" data-widget_type=\"spacer.default\">\n\t\t\t\t<div class=\"elementor-widget-container\">\n\t\t\t<style>\/*! elementor - v3.23.0 - 25-07-2024 *\/\n.elementor-column .elementor-spacer-inner{height:var(--spacer-size)}.e-con{--container-widget-width:100%}.e-con-inner>.elementor-widget-spacer,.e-con>.elementor-widget-spacer{width:var(--container-widget-width,var(--spacer-size));--align-self:var(--container-widget-align-self,initial);--flex-shrink:0}.e-con-inner>.elementor-widget-spacer>.elementor-widget-container,.e-con>.elementor-widget-spacer>.elementor-widget-container{height:100%;width:100%}.e-con-inner>.elementor-widget-spacer>.elementor-widget-container>.elementor-spacer,.e-con>.elementor-widget-spacer>.elementor-widget-container>.elementor-spacer{height:100%}.e-con-inner>.elementor-widget-spacer>.elementor-widget-container>.elementor-spacer>.elementor-spacer-inner,.e-con>.elementor-widget-spacer>.elementor-widget-container>.elementor-spacer>.elementor-spacer-inner{height:var(--container-widget-height,var(--spacer-size))}.e-con-inner>.elementor-widget-spacer.elementor-widget-empty,.e-con>.elementor-widget-spacer.elementor-widget-empty{position:relative;min-height:22px;min-width:22px}.e-con-inner>.elementor-widget-spacer.elementor-widget-empty .elementor-widget-empty-icon,.e-con>.elementor-widget-spacer.elementor-widget-empty .elementor-widget-empty-icon{position:absolute;top:0;bottom:0;left:0;right:0;margin:auto;padding:0;width:22px;height:22px}<\/style>\t\t<div class=\"elementor-spacer\">\n\t\t\t<div class=\"elementor-spacer-inner\"><\/div>\n\t\t<\/div>\n\t\t\t\t<\/div>\n\t\t\t\t<\/div>\n\t\t\t\t<div class=\"elementor-element elementor-element-4a0a94f elementor-widget elementor-widget-heading\" data-id=\"4a0a94f\" data-element_type=\"widget\" data-widget_type=\"heading.default\">\n\t\t\t\t<div class=\"elementor-widget-container\">\n\t\t\t<style>\/*! elementor - v3.23.0 - 25-07-2024 *\/\n.elementor-heading-title{padding:0;margin:0;line-height:1}.elementor-widget-heading .elementor-heading-title[class*=elementor-size-]>a{color:inherit;font-size:inherit;line-height:inherit}.elementor-widget-heading .elementor-heading-title.elementor-size-small{font-size:15px}.elementor-widget-heading .elementor-heading-title.elementor-size-medium{font-size:19px}.elementor-widget-heading .elementor-heading-title.elementor-size-large{font-size:29px}.elementor-widget-heading .elementor-heading-title.elementor-size-xl{font-size:39px}.elementor-widget-heading .elementor-heading-title.elementor-size-xxl{font-size:59px}<\/style><h2 class=\"elementor-heading-title elementor-size-default\">Qui\u00e9nes somos<\/h2>\t\t<\/div>\n\t\t\t\t<\/div>\n\t\t\t\t<div class=\"elementor-element elementor-element-e054aad text-about elementor-view-default elementor-widget elementor-widget-icon\" data-id=\"e054aad\" data-element_type=\"widget\" data-widget_type=\"icon.default\">\n\t\t\t\t<div class=\"elementor-widget-container\">\n\t\t\t\t\t<div class=\"elementor-icon-wrapper\">\n\t\t\t<a class=\"elementor-icon\" href=\"#Nosotros\">\n\t\t\t<i aria-hidden=\"true\" class=\"fas fa-angle-down\"><\/i>\t\t\t<\/a>\n\t\t<\/div>\n\t\t\t\t<\/div>\n\t\t\t\t<\/div>\n\t\t\t\t\t<\/div>\n\t\t<\/div>\n\t\t\t\t\t<\/div>\n\t\t<\/section>\n\t\t\t\t\t<\/div>\n\t\t<\/div>\n\t\t\t\t\t<\/div>\n\t\t<\/section>\n\t\t\t\t<section class=\"elementor-section elementor-top-section elementor-element elementor-element-b802657 elementor-section-full_width elementor-section-height-default elementor-section-height-default wpr-particle-no wpr-jarallax-no wpr-parallax-no wpr-sticky-section-no\" data-id=\"b802657\" data-element_type=\"section\" id=\"Nosotros\" data-settings=\"{&quot;background_background&quot;:&quot;classic&quot;}\">\n\t\t\t\t\t\t<div class=\"elementor-container elementor-column-gap-extended\">\n\t\t\t\t\t<div class=\"elementor-column elementor-col-100 elementor-top-column elementor-element elementor-element-5df040f wpb-col-sm-100\" data-id=\"5df040f\" data-element_type=\"column\">\n\t\t\t<div class=\"elementor-widget-wrap elementor-element-populated\">\n\t\t\t\t\t\t<div class=\"elementor-element elementor-element-69b8cea elementor-widget elementor-widget-heading\" data-id=\"69b8cea\" data-element_type=\"widget\" data-widget_type=\"heading.default\">\n\t\t\t\t<div class=\"elementor-widget-container\">\n\t\t\t<h2 class=\"elementor-heading-title elementor-size-default\">VISTAMAR<\/h2>\t\t<\/div>\n\t\t\t\t<\/div>\n\t\t\t\t<div class=\"elementor-element elementor-element-40fdc78 elementor-widget elementor-widget-text-editor\" data-id=\"40fdc78\" data-element_type=\"widget\" data-widget_type=\"text-editor.default\">\n\t\t\t\t<div class=\"elementor-widget-container\">\n\t\t\t<style>\/*! elementor - v3.23.0 - 25-07-2024 *\/\n.elementor-widget-text-editor.elementor-drop-cap-view-stacked .elementor-drop-cap{background-color:#69727d;color:#fff}.elementor-widget-text-editor.elementor-drop-cap-view-framed .elementor-drop-cap{color:#69727d;border:3px solid;background-color:transparent}.elementor-widget-text-editor:not(.elementor-drop-cap-view-default) .elementor-drop-cap{margin-top:8px}.elementor-widget-text-editor:not(.elementor-drop-cap-view-default) .elementor-drop-cap-letter{width:1em;height:1em}.elementor-widget-text-editor .elementor-drop-cap{float:left;text-align:center;line-height:1;font-size:50px}.elementor-widget-text-editor .elementor-drop-cap-letter{display:inline-block}<\/style>\t\t\t\t<p>NUESTRA HISTORIA<\/p>\t\t\t\t\t\t<\/div>\n\t\t\t\t<\/div>\n\t\t\t\t<div class=\"elementor-element elementor-element-7e8de5c text-block-wapper-7 elementor-widget__width-initial elementor-widget elementor-widget-text-editor\" data-id=\"7e8de5c\" data-element_type=\"widget\" data-widget_type=\"text-editor.default\">\n\t\t\t\t<div class=\"elementor-widget-container\">\n\t\t\t\t\t\t\t<p>Nuestra historia se teje con ciclos y estaciones, con lecciones aprendidas de la tierra. Hemos observado, estudiado y reflexionado sobre la naturaleza, y hemos llegado a la conclusi\u00f3n de que es sabia. Hemos comprendido que somos parte integral de este sistema y que la clave para una vida equilibrada es el respeto al tiempo. Los vi\u00f1edos nos han ense\u00f1ado que el tiempo es un recurso abundante, no escaso, y que para encontrar el equilibrio, debemos honrarlo. Respetar el tiempo es honrar nuestros ritmos internos, es caminar al comp\u00e1s de la naturaleza.<\/p><p>Nuestro viaje nos llev\u00f3 a descubrir el hermoso Valle de Casablanca y sus beneficios. En 1997, naci\u00f3 Vi\u00f1a Vistamar, inspirada por la maduraci\u00f3n lenta de las uvas en este entorno. Los ciclos de crecimiento, que se recompensan con notas frutales, aromas intensos y una acidez caracter\u00edstica, marcaron el comienzo de una emocionante aventura.<\/p>\t\t\t\t\t\t<\/div>\n\t\t\t\t<\/div>\n\t\t\t\t\t<\/div>\n\t\t<\/div>\n\t\t\t\t\t<\/div>\n\t\t<\/section>\n\t\t\t\t<section class=\"elementor-section elementor-top-section elementor-element elementor-element-3dd259b elementor-section-full_width elementor-section-height-default elementor-section-height-default wpr-particle-no wpr-jarallax-no wpr-parallax-no wpr-sticky-section-no\" data-id=\"3dd259b\" data-element_type=\"section\" data-settings=\"{&quot;background_background&quot;:&quot;classic&quot;}\">\n\t\t\t\t\t\t<div class=\"elementor-container elementor-column-gap-extended\">\n\t\t\t\t\t<div class=\"elementor-column elementor-col-100 elementor-top-column elementor-element elementor-element-991c433 wpb-col-sm-100\" data-id=\"991c433\" data-element_type=\"column\" data-settings=\"{&quot;background_background&quot;:&quot;classic&quot;}\">\n\t\t\t<div class=\"elementor-widget-wrap elementor-element-populated\">\n\t\t\t\t\t\t<div class=\"elementor-element elementor-element-054b497 elementor-widget elementor-widget-text-editor\" data-id=\"054b497\" data-element_type=\"widget\" data-widget_type=\"text-editor.default\">\n\t\t\t\t<div class=\"elementor-widget-container\">\n\t\t\t\t\t\t\t<p>Embajadores<br \/>Del tiempo<\/p>\t\t\t\t\t\t<\/div>\n\t\t\t\t<\/div>\n\t\t\t\t<div class=\"elementor-element elementor-element-c1ffa50 elementor-absolute elementor-widget elementor-widget-image\" data-id=\"c1ffa50\" data-element_type=\"widget\" data-settings=\"{&quot;_position&quot;:&quot;absolute&quot;}\" data-widget_type=\"image.default\">\n\t\t\t\t<div class=\"elementor-widget-container\">\n\t\t\t<style>\/*! elementor - v3.23.0 - 25-07-2024 *\/\n.elementor-widget-image{text-align:center}.elementor-widget-image a{display:inline-block}.elementor-widget-image a img[src$=\".svg\"]{width:48px}.elementor-widget-image img{vertical-align:middle;display:inline-block}<\/style>\t\t\t\t\t\t\t\t\t\t<img fetchpriority=\"high\" decoding=\"async\" width=\"178\" height=\"281\" src=\"https:\/\/vistamar.cl\/cl\/wp-content\/uploads\/2023\/11\/Vector.webp\" class=\"attachment-large size-large wp-image-24849\" alt=\"\" \/>\t\t\t\t\t\t\t\t\t\t\t\t\t<\/div>\n\t\t\t\t<\/div>\n\t\t\t\t<div class=\"elementor-element elementor-element-511cb2c text-block-wapper-7 elementor-widget__width-initial elementor-widget elementor-widget-text-editor\" data-id=\"511cb2c\" data-element_type=\"widget\" data-widget_type=\"text-editor.default\">\n\t\t\t\t<div class=\"elementor-widget-container\">\n\t\t\t\t\t\t\t<p>A trav\u00e9s de los a\u00f1os, la en\u00f3loga Daniela Salinas nos ha guiado en nuestra exploraci\u00f3n de nuevos terroirs de clima fr\u00edo, donde las uvas alcanzan su m\u00e1xima expresi\u00f3n. Este viaje nos ha llevado a crear una colecci\u00f3n de vinos que nos invita a hacer una pausa, a reconectar con nuestra naturaleza interior y a disfrutar de la vida lentamente.<\/p><p>As\u00ed, desde los vi\u00f1edos de la costa chilena, hemos llegado a ser embajadores del tiempo y la naturaleza. Vi\u00f1a Vistamar es una invitaci\u00f3n a disfrutar lentamente de la vida, respetando el paso del tiempo. Es un recordatorio de que, en cada momento, podemos divertirnos, disfrutar de lo que m\u00e1s nos apasiona, con quienes elijamos, ya sea en la ciudad, en la playa o al pie de una majestuosa monta\u00f1a. Somos una bodega de vinos que celebra el arte de vivir en armon\u00eda con la naturaleza y el tiempo.<\/p>\t\t\t\t\t\t<\/div>\n\t\t\t\t<\/div>\n\t\t\t\t\t<\/div>\n\t\t<\/div>\n\t\t\t\t\t<\/div>\n\t\t<\/section>\n\t\t\t\t<\/div>\n\t\t","protected":false},"excerpt":{"rendered":"<p>Qui\u00e9nes somos VISTAMAR NUESTRA HISTORIA Nuestra historia se teje con ciclos y estaciones, con lecciones aprendidas de la tierra. Hemos observado, estudiado y reflexionado sobre la naturaleza, y hemos llegado a la conclusi\u00f3n de que es sabia. Hemos comprendido que somos parte integral de este sistema y que la clave para una vida equilibrada es el respeto al tiempo. Los vi\u00f1edos nos han ense\u00f1ado que el tiempo es un recurso abundante, no escaso, y que para encontrar el equilibrio, debemos honrarlo. Respetar el tiempo es honrar nuestros ritmos internos, es caminar al comp\u00e1s de la naturaleza. Nuestro viaje nos llev\u00f3 a descubrir el hermoso Valle de Casablanca y sus beneficios. En 1997, naci\u00f3 Vi\u00f1a Vistamar, inspirada por la maduraci\u00f3n lenta de las uvas en este entorno. Los ciclos de crecimiento, que se recompensan con notas frutales, aromas intensos y una acidez caracter\u00edstica, marcaron el comienzo de una emocionante aventura. EmbajadoresDel tiempo A trav\u00e9s de los a\u00f1os, la en\u00f3loga Daniela Salinas nos ha guiado en nuestra exploraci\u00f3n de nuevos terroirs de clima fr\u00edo, donde las uvas alcanzan su m\u00e1xima expresi\u00f3n. Este viaje nos ha llevado a crear una colecci\u00f3n de vinos que nos invita a hacer una pausa, a reconectar con nuestra naturaleza interior y a disfrutar de la vida lentamente. As\u00ed, desde los vi\u00f1edos de la costa chilena, hemos llegado a ser embajadores del tiempo y la naturaleza. Vi\u00f1a Vistamar es una invitaci\u00f3n a disfrutar lentamente de la vida, respetando el paso del tiempo. Es un recordatorio de que, en cada momento, podemos divertirnos, disfrutar de lo que m\u00e1s nos apasiona, con quienes elijamos, ya sea en la ciudad, en la playa o al pie de una majestuosa monta\u00f1a. Somos una bodega de vinos que celebra el arte de vivir en armon\u00eda con la naturaleza y el tiempo.<\/p>\n","protected":false},"author":1,"featured_media":0,"parent":0,"menu_order":0,"comment_status":"closed","ping_status":"closed","template":"page-templates\/homepage.php","meta":{"footnotes":""},"class_list":["post-9095","page","type-page","status-publish","hentry"],"_links":{"self":[{"href":"https:\/\/vistamar.cl\/cl\/wp-json\/wp\/v2\/pages\/9095","targetHints":{"allow":["GET"]}}],"collection":[{"href":"https:\/\/vistamar.cl\/cl\/wp-json\/wp\/v2\/pages"}],"about":[{"href":"https:\/\/vistamar.cl\/cl\/wp-json\/wp\/v2\/types\/page"}],"author":[{"embeddable":true,"href":"https:\/\/vistamar.cl\/cl\/wp-json\/wp\/v2\/users\/1"}],"replies":[{"embeddable":true,"href":"https:\/\/vistamar.cl\/cl\/wp-json\/wp\/v2\/comments?post=9095"}],"version-history":[{"count":130,"href":"https:\/\/vistamar.cl\/cl\/wp-json\/wp\/v2\/pages\/9095\/revisions"}],"predecessor-version":[{"id":27220,"href":"https:\/\/vistamar.cl\/cl\/wp-json\/wp\/v2\/pages\/9095\/revisions\/27220"}],"wp:attachment":[{"href":"https:\/\/vistamar.cl\/cl\/wp-json\/wp\/v2\/media?parent=9095"}],"curies":[{"name":"wp","href":"https:\/\/api.w.org\/{rel}","templated":true}]}}